{"id":5099,"date":"2025-06-24T06:44:31","date_gmt":"2025-06-24T06:44:31","guid":{"rendered":"https:\/\/cutles.rewens.hr\/cenik\/"},"modified":"2025-09-11T10:29:20","modified_gmt":"2025-09-11T10:29:20","slug":"cenik","status":"publish","type":"page","link":"https:\/\/cutles.rewens.hr\/sl\/cenik\/","title":{"rendered":"Cenik"},"content":{"rendered":"\t\t<div data-elementor-type=\"wp-page\" data-elementor-id=\"5099\" class=\"elementor elementor-5099 elementor-2369\" data-elementor-post-type=\"page\">\n\t\t\t\t<div class=\"elementor-element elementor-element-5635f73 e-con-full e-flex e-con e-parent\" data-id=\"5635f73\" data-element_type=\"container\" data-settings=\"{&quot;background_background&quot;:&quot;classic&quot;}\">\n\t\t<div class=\"elementor-element elementor-element-fc418bd e-flex e-con-boxed e-con e-child\" data-id=\"fc418bd\" data-element_type=\"container\" data-settings=\"{&quot;background_background&quot;:&quot;classic&quot;}\">\n\t\t\t\t\t<div class=\"e-con-inner\">\n\t\t<div class=\"elementor-element elementor-element-c4be9cd e-con-full e-flex e-con e-child\" data-id=\"c4be9cd\" data-element_type=\"container\">\n\t\t\t\t<div class=\"elementor-element elementor-element-71f8189 elementor-widget__width-initial elementor-widget-mobile__width-inherit elementor-widget-tablet__width-inherit elementor-widget elementor-widget-realarsectiontitle\" data-id=\"71f8189\" data-element_type=\"widget\" data-widget_type=\"realarsectiontitle.default\">\n\t\t\t\t<div class=\"elementor-widget-container\">\n\t\t\t\t\t\t\t<div class=\"title-area text-center \">\n\t\t\t<span class=\"sub-title text-title common-title \"> Izberite na\u010drt, ki vam najbolj ustreza.<\/span><h2 class=\"sec-title \">Cenik<\/h2>\t\t<\/div>\n\n\t\t\t\t\t<\/div>\n\t\t\t\t<\/div>\n\t\t\t\t<\/div>\n\t\t\t\t\t<\/div>\n\t\t\t\t<\/div>\n\t\t<div class=\"elementor-element elementor-element-2311072 e-flex e-con-boxed e-con e-child\" data-id=\"2311072\" data-element_type=\"container\" data-settings=\"{&quot;background_background&quot;:&quot;classic&quot;}\">\n\t\t\t\t\t<div class=\"e-con-inner\">\n\t\t<div class=\"elementor-element elementor-element-1bab2c9 e-con-full e-flex e-con e-child\" data-id=\"1bab2c9\" data-element_type=\"container\">\n\t\t\t\t<div class=\"elementor-element elementor-element-7e07688 elementor-widget elementor-widget-realarprice\" data-id=\"7e07688\" data-element_type=\"widget\" data-widget_type=\"realarprice.default\">\n\t\t\t\t<div class=\"elementor-widget-container\">\n\t\t\t\t\t<div class=\"pricing-card-wrap2\"><div class=\"price-card2\"><div class=\"price-card-title-wrap\"><h3 class=\"price-card-title\">Osnovni na\u010drt<\/h3><\/div><div class=\"checklist\"><ul><li>CNC 2D\/3D rezkanje<\/li><li>Precizna obdelava lesa<\/li><li class=\"unavailable\">Dostava v 14 dneh<\/li><\/ul><\/div><div class=\"price-card-thumb\"><div class=\"img1\"><img decoding=\"async\" src=\"https:\/\/cutles.rewens.hr\/wp-content\/uploads\/2025\/09\/Depositphotos_331210246_XL.webp\" alt=\"Drvo\"  \/><\/div><div class=\"img2\"><img decoding=\"async\" src=\"https:\/\/cutles.rewens.hr\/wp-content\/uploads\/2025\/09\/Depositphotos_139172200_XL.webp\" alt=\"CNC obrada\"  \/><\/div><\/div><div class=\"price-card_content\"><h4 class=\"price-card_price\">\u20ac150.00<span class=\"duration\">\/\u20ac po m\u00b3<\/span><\/h4><a href=\"https:\/\/wordpress.themeholy.com\/builda\/contact-us\/\" class=\"th-btn style4 th-btn-icon btn-sm\">Izberite svoj na\u010drt<\/a><\/div><\/div><div class=\"price-card2\"><div class=\"price-card-title-wrap\"><h3 class=\"price-card-title\">Standardni na\u010drt<\/h3><\/div><div class=\"checklist\"><ul><li>CNC 2D\/3D rezkanje<\/li><li>Precizna obdelava lesa<\/li><li class=\"\">Dostava v 14 dneh<\/li><\/ul><\/div><div class=\"price-card-thumb\"><div class=\"img1\"><img decoding=\"async\" src=\"https:\/\/cutles.rewens.hr\/wp-content\/uploads\/2025\/09\/Depositphotos_163438312_XL.webp\" alt=\"Depositphotos_163438312_XL\"  \/><\/div><div class=\"img2\"><img decoding=\"async\" src=\"https:\/\/cutles.rewens.hr\/wp-content\/uploads\/2025\/09\/Depositphotos_331210246_XL.webp\" alt=\"Drvo\"  \/><\/div><\/div><div class=\"price-card_content\"><h4 class=\"price-card_price\">\u20ac170.00<span class=\"duration\">\/\u20ac po m\u00b3<\/span><\/h4><a href=\"https:\/\/wordpress.themeholy.com\/builda\/contact-us\/\" class=\"th-btn style4 th-btn-icon btn-sm\">Izberite svoj na\u010drt<\/a><\/div><\/div><div class=\"price-card2\"><div class=\"price-card-title-wrap\"><h3 class=\"price-card-title\">Premium Plan <\/h3><\/div><div class=\"checklist\"><ul><li>CNC 2D\/3D rezkanje<\/li><li>Precizna obdelava lesa<\/li><li>Dostava v 14 dneh<\/li><\/ul><\/div><div class=\"price-card-thumb\"><div class=\"img1\"><img decoding=\"async\" src=\"https:\/\/cutles.rewens.hr\/wp-content\/uploads\/2025\/09\/Depositphotos_139246206_XL.webp\" alt=\"Depositphotos_139246206_XL\"  \/><\/div><div class=\"img2\"><img decoding=\"async\" src=\"https:\/\/cutles.rewens.hr\/wp-content\/uploads\/2025\/09\/Depositphotos_331210246_XL.webp\" alt=\"Drvo\"  \/><\/div><\/div><div class=\"price-card_content\"><h4 class=\"price-card_price\">\u20ac200.00<span class=\"duration\">\/\u20ac po m\u00b3<\/span><\/h4><a href=\"https:\/\/wordpress.themeholy.com\/builda\/contact-us\/\" class=\"th-btn style4 th-btn-icon btn-sm\">Izberite svoj na\u010drt<\/a><\/div><\/div><\/div>\t\t\t\t<\/div>\n\t\t\t\t<\/div>\n\t\t\t\t<\/div>\n\t\t\t\t\t<\/div>\n\t\t\t\t<\/div>\n\t\t\t\t<\/div>\n\t\t<div class=\"elementor-element elementor-element-47fb72f e-flex e-con-boxed e-con e-parent\" data-id=\"47fb72f\" data-element_type=\"container\" data-settings=\"{&quot;background_background&quot;:&quot;classic&quot;}\">\n\t\t\t\t\t<div class=\"e-con-inner\">\n\t\t<div class=\"elementor-element elementor-element-2f51130 e-con-full e-flex e-con e-child\" data-id=\"2f51130\" data-element_type=\"container\">\n\t\t\t\t<div class=\"elementor-element elementor-element-49d6f84 elementor-widget elementor-widget-realarsectiontitle\" data-id=\"49d6f84\" data-element_type=\"widget\" data-widget_type=\"realarsectiontitle.default\">\n\t\t\t\t<div class=\"elementor-widget-container\">\n\t\t\t\t\t\t\t<div class=\"title-area text-left \">\n\t\t\t<h2 class=\"sec-title \">Kaj stranke pravijo o nas<\/h2>\t\t<\/div>\n\n\t\t\t\t\t<\/div>\n\t\t\t\t<\/div>\n\t\t\t\t<div class=\"elementor-element elementor-element-18f67cf elementor-widget elementor-widget-realartestimonialslider\" data-id=\"18f67cf\" data-element_type=\"widget\" data-widget_type=\"realartestimonialslider.default\">\n\t\t\t\t<div class=\"elementor-widget-container\">\n\t\t\t\t\t<div class=\"swiper th-slider testi-slider1\" id=\"testiSlider1\" data-slider-options='{\"breakpoints\":{\"0\":{\"slidesPerView\":1},\"576\":{\"slidesPerView\":\"1\"},\"768\":{\"slidesPerView\":\"1\"},\"992\":{\"slidesPerView\":\"1\"},\"1200\":{\"slidesPerView\":\"1\"}}}'><div class=\"swiper-wrapper\"><div class=\"swiper-slide\"><div class=\"testi-card\"><div class=\"testi-grid_review\"><i class=\"fa-sharp fa-solid fa-star\"><\/i><i class=\"fa-sharp fa-solid fa-star\"><\/i><i class=\"fa-sharp fa-solid fa-star\"><\/i><i class=\"fa-sharp fa-solid fa-star\"><\/i><i class=\"fa-sharp fa-solid fa-star\"><\/i><\/div><p class=\"testi-card_text text\">&quot;Odli\u010dna natan\u010dnost in hitra izvedba! Poslali smo tehni\u010dni na\u010drt in v nekaj dneh smo prejeli kon\u010dne plo\u0161\u010de, pripravljene za monta\u017eo. Pohvale ekipi za njihovo profesionalnost.&quot;<\/p><div class=\"testi-grid-wrap\"><div class=\"testi-card_profile\"><div class=\"testi-card_profile-details\"><h3 class=\"testi-card_name name\">Marko Kranjc<\/h3><span class=\"testi-card_desig desig\">CEO<\/span><\/div><\/div><div class=\"quote-icon\"><img decoding=\"async\" src=\"https:\/\/wordpress.themeholy.com\/builda\/wp-content\/uploads\/2025\/05\/qoute.svg\" alt=\"qoute\"  \/><\/div><\/div><\/div><\/div><div class=\"swiper-slide\"><div class=\"testi-card\"><div class=\"testi-grid_review\"><i class=\"fa-sharp fa-solid fa-star\"><\/i><i class=\"fa-sharp fa-solid fa-star\"><\/i><i class=\"fa-sharp fa-solid fa-star\"><\/i><i class=\"fa-sharp fa-solid fa-star\"><\/i><i class=\"fa-sharp fa-solid fa-star\"><\/i><\/div><p class=\"testi-card_text text\">\u201ePotrebovali smo prototipne dele za pohi\u0161tvo po meri. Ekipa je svetovala glede materialov in spojev, rezultat pa je bil nad pri\u010dakovanji. Zagotovo bomo \u0161e sodelovali.\u201c<\/p><div class=\"testi-grid-wrap\"><div class=\"testi-card_profile\"><div class=\"testi-card_profile-details\"><h3 class=\"testi-card_name name\">Ana Zupan<\/h3><span class=\"testi-card_desig desig\">Voditelj nabavke<\/span><\/div><\/div><div class=\"quote-icon\"><img decoding=\"async\" src=\"https:\/\/wordpress.themeholy.com\/builda\/wp-content\/uploads\/2025\/05\/qoute.svg\" alt=\"qoute\"  \/><\/div><\/div><\/div><\/div><div class=\"swiper-slide\"><div class=\"testi-card\"><div class=\"testi-grid_review\"><i class=\"fa-sharp fa-solid fa-star\"><\/i><i class=\"fa-sharp fa-solid fa-star\"><\/i><i class=\"fa-sharp fa-solid fa-star\"><\/i><i class=\"fa-sharp fa-solid fa-star\"><\/i><i class=\"fa-sharp fa-solid fa-star\"><\/i><\/div><p class=\"testi-card_text text\">\u201eVrlo smo zadovoljni CNC obradom za na\u0161e reklamne natpise. \u010cisti rezovi, odli\u010dna komunikacija i isporuka to\u010dno na vrijeme. Preporuka svakome tko tra\u017ei pouzdanog partnera.\u201c&quot;Zelo smo zadovoljni z obdelavo CNC za na\u0161e reklamne napise. \u010cisti rezi, odli\u010dna komunikacija in pravo\u010dasna dostava. Priporo\u010damo vsem, ki i\u0161\u010dejo zanesljivega partnerja.&quot;<\/p><div class=\"testi-grid-wrap\"><div class=\"testi-card_profile\"><div class=\"testi-card_profile-details\"><h3 class=\"testi-card_name name\">Ivan \u017dganac<\/h3><\/div><\/div><div class=\"quote-icon\"><img decoding=\"async\" src=\"https:\/\/wordpress.themeholy.com\/builda\/wp-content\/uploads\/2025\/05\/qoute.svg\" alt=\"qoute\"  \/><\/div><\/div><\/div><\/div><\/div><div class=\"slider-pagination style2\"><\/div><\/div>\t\t\t\t<\/div>\n\t\t\t\t<\/div>\n\t\t\t\t<\/div>\n\t\t<div class=\"elementor-element elementor-element-02e9e0a e-con-full e-flex e-con e-child\" data-id=\"02e9e0a\" data-element_type=\"container\">\n\t\t\t\t<div class=\"elementor-element elementor-element-0fc1502 elementor-widget elementor-widget-realarimage\" data-id=\"0fc1502\" data-element_type=\"widget\" data-widget_type=\"realarimage.default\">\n\t\t\t\t<div class=\"elementor-widget-container\">\n\t\t\t\t\t<div class=\"testi-thumb-wrap\"><div class=\"img1\"><img decoding=\"async\" src=\"https:\/\/cutles.rewens.hr\/wp-content\/uploads\/2025\/09\/Depositphotos_208312876_XL-1.webp\" alt=\"Depositphotos_208312876_XL 1\"  \/><\/div><div class=\"img2 jump\"><img decoding=\"async\" src=\"https:\/\/cutles.rewens.hr\/wp-content\/uploads\/2025\/09\/Depositphotos_495572622_XL-1.webp\" alt=\"Depositphotos_495572622_XL 1\"  \/><\/div><\/div>\t\t\t\t<\/div>\n\t\t\t\t<\/div>\n\t\t\t\t<\/div>\n\t\t\t\t\t<\/div>\n\t\t\t\t<\/div>\n\t\t\t\t<\/div>\n\t\t","protected":false},"excerpt":{"rendered":"<p>Izberite na\u010drt, ki vam najbolj ustreza. Cenik Osnovni na\u010drt CNC 2D\/3D rezkanje Precizna obdelava lesa Dostava v 14 dneh \u20ac150.00\/\u20ac po m\u00b3 Izberite svoj na\u010drt Standardni na\u010drt CNC 2D\/3D rezkanje Precizna obdelava lesa Dostava v 14 dneh \u20ac170.00\/\u20ac po m\u00b3 Izberite svoj na\u010drt Premium Plan CNC 2D\/3D rezkanje Precizna obdelava lesa Dostava v 14 dneh&#8230;<\/p>\n","protected":false},"author":1,"featured_media":0,"parent":0,"menu_order":0,"comment_status":"closed","ping_status":"closed","template":"template-builder.php","meta":{"footnotes":""},"class_list":["post-5099","page","type-page","status-publish","hentry"],"_links":{"self":[{"href":"https:\/\/cutles.rewens.hr\/sl\/wp-json\/wp\/v2\/pages\/5099","targetHints":{"allow":["GET"]}}],"collection":[{"href":"https:\/\/cutles.rewens.hr\/sl\/wp-json\/wp\/v2\/pages"}],"about":[{"href":"https:\/\/cutles.rewens.hr\/sl\/wp-json\/wp\/v2\/types\/page"}],"author":[{"embeddable":true,"href":"https:\/\/cutles.rewens.hr\/sl\/wp-json\/wp\/v2\/users\/1"}],"replies":[{"embeddable":true,"href":"https:\/\/cutles.rewens.hr\/sl\/wp-json\/wp\/v2\/comments?post=5099"}],"version-history":[{"count":25,"href":"https:\/\/cutles.rewens.hr\/sl\/wp-json\/wp\/v2\/pages\/5099\/revisions"}],"predecessor-version":[{"id":5217,"href":"https:\/\/cutles.rewens.hr\/sl\/wp-json\/wp\/v2\/pages\/5099\/revisions\/5217"}],"wp:attachment":[{"href":"https:\/\/cutles.rewens.hr\/sl\/wp-json\/wp\/v2\/media?parent=5099"}],"curies":[{"name":"wp","href":"https:\/\/api.w.org\/{rel}","templated":true}]}}