{"id":5175,"date":"2025-06-24T02:51:26","date_gmt":"2025-06-24T02:51:26","guid":{"rendered":"https:\/\/cutles.rewens.hr\/o-nas\/"},"modified":"2025-09-11T12:39:28","modified_gmt":"2025-09-11T12:39:28","slug":"o-nas","status":"publish","type":"page","link":"https:\/\/cutles.rewens.hr\/sl\/o-nas\/","title":{"rendered":"O nas"},"content":{"rendered":"\t\t<div data-elementor-type=\"wp-page\" data-elementor-id=\"5175\" class=\"elementor elementor-5175 elementor-2233\" data-elementor-post-type=\"page\">\n\t\t\t\t<div class=\"elementor-element elementor-element-668e59c e-con-full e-flex e-con e-parent\" data-id=\"668e59c\" data-element_type=\"container\" data-settings=\"{&quot;background_background&quot;:&quot;classic&quot;}\">\n\t\t<div class=\"elementor-element elementor-element-c439785 e-flex e-con-boxed e-con e-child\" data-id=\"c439785\" data-element_type=\"container\" data-settings=\"{&quot;background_background&quot;:&quot;classic&quot;}\">\n\t\t\t\t\t<div class=\"e-con-inner\">\n\t\t<div class=\"elementor-element elementor-element-19872b7 e-con-full e-flex e-con e-child\" data-id=\"19872b7\" data-element_type=\"container\">\n\t\t\t\t<div class=\"elementor-element elementor-element-5a63810 elementor-widget elementor-widget-realarsectiontitle\" data-id=\"5a63810\" data-element_type=\"widget\" data-widget_type=\"realarsectiontitle.default\">\n\t\t\t\t<div class=\"elementor-widget-container\">\n\t\t\t\t\t\t\t<div class=\"title-area text-left \">\n\t\t\t<span class=\"shadow-title common-title \">O nas<\/span><h2 class=\"sec-title \">O nas<\/h2><p class=\"sec-text\">Cutles iz Slovenske Bistrice je specializirano podjetje za CNC obdelavo lesa in \u017ee vrsto let razvijamo re\u0161itve, ki zdru\u017eujejo tradicijo obdelave lesa s sodobno tehnologijo. Vsakemu projektu pristopamo z enako pozornostjo - od majhnih detajlov do velikih konstrukcij.<\/p>\t\t<\/div>\n\n\t\t\t\t\t<\/div>\n\t\t\t\t<\/div>\n\t\t\t\t<\/div>\n\t\t<div class=\"elementor-element elementor-element-8790fb8 e-con-full e-flex e-con e-child\" data-id=\"8790fb8\" data-element_type=\"container\">\n\t\t\t\t<div class=\"elementor-element elementor-element-dacc500 elementor-widget elementor-widget-realarbutton\" data-id=\"dacc500\" data-element_type=\"widget\" data-widget_type=\"realarbutton.default\">\n\t\t\t\t<div class=\"elementor-widget-container\">\n\t\t\t\t\t<div class=\"btn-wrapper\"><\/div>\t\t\t\t<\/div>\n\t\t\t\t<\/div>\n\t\t\t\t<\/div>\n\t\t\t\t\t<\/div>\n\t\t\t\t<\/div>\n\t\t<div class=\"elementor-element elementor-element-3c207cc e-flex e-con-boxed e-con e-child\" data-id=\"3c207cc\" data-element_type=\"container\" data-settings=\"{&quot;background_background&quot;:&quot;classic&quot;}\">\n\t\t\t\t\t<div class=\"e-con-inner\">\n\t\t<div class=\"elementor-element elementor-element-82eac0c e-con-full e-flex e-con e-child\" data-id=\"82eac0c\" data-element_type=\"container\">\n\t\t\t\t<div class=\"elementor-element elementor-element-a2b74e3 elementor-widget elementor-widget-realarimage\" data-id=\"a2b74e3\" data-element_type=\"widget\" data-widget_type=\"realarimage.default\">\n\t\t\t\t<div class=\"elementor-widget-container\">\n\t\t\t\t\t<div class=\"img-box1\"><div class=\"img1 img-shine\" data-mask-src=\"https:\/\/cutles.rewens.hr\/wp-content\/plugins\/builda-core\/assets\/img\/about-1-mask.png\"><img decoding=\"async\" src=\"https:\/\/cutles.rewens.hr\/wp-content\/uploads\/2025\/09\/stela-haus-proizvodnja-at-1.webp\" alt=\"stela haus proizvodnja at 1\"  \/><\/div><\/div>\t\t\t\t<\/div>\n\t\t\t\t<\/div>\n\t\t\t\t<\/div>\n\t\t<div class=\"elementor-element elementor-element-6f35789 e-con-full e-flex e-con e-child\" data-id=\"6f35789\" data-element_type=\"container\">\n\t\t\t\t<div class=\"elementor-element elementor-element-6c36ab4 elementor-widget elementor-widget-realarimage\" data-id=\"6c36ab4\" data-element_type=\"widget\" data-widget_type=\"realarimage.default\">\n\t\t\t\t<div class=\"elementor-widget-container\">\n\t\t\t\t\t<div class=\"img-box1\"><div class=\"img1 img-shine\" data-mask-src=\"https:\/\/cutles.rewens.hr\/wp-content\/plugins\/builda-core\/assets\/img\/about-1-mask.png\"><img decoding=\"async\" src=\"https:\/\/cutles.rewens.hr\/wp-content\/uploads\/2025\/09\/stela-haus-cutles.webp\" alt=\"stela haus cutles\"  \/><\/div><\/div>\t\t\t\t<\/div>\n\t\t\t\t<\/div>\n\t\t\t\t<\/div>\n\t\t\t\t\t<\/div>\n\t\t\t\t<\/div>\n\t\t<div class=\"elementor-element elementor-element-d4fccba e-flex e-con-boxed e-con e-child\" data-id=\"d4fccba\" data-element_type=\"container\" data-settings=\"{&quot;background_background&quot;:&quot;classic&quot;}\">\n\t\t\t\t\t<div class=\"e-con-inner\">\n\t\t<div class=\"elementor-element elementor-element-a139e83 e-con-full e-flex e-con e-child\" data-id=\"a139e83\" data-element_type=\"container\">\n\t\t\t\t<div class=\"elementor-element elementor-element-35067c8 elementor-widget elementor-widget-text-editor\" data-id=\"35067c8\" data-element_type=\"widget\" data-widget_type=\"text-editor.default\">\n\t\t\t\t\t\t\t\t\t<div class=\"about-wrap1\">\n<p class=\"about-text text-title\"><strong data-start=\"712\" data-end=\"775\">CNC stroji nam omogo\u010dajo doseganje izjemne natan\u010dnosti pri rezanju, graviranju in oblikovanju lesa.<\/strong><\/p>\n\n<\/div>\t\t\t\t\t\t\t\t<\/div>\n\t\t\t\t<\/div>\n\t\t<div class=\"elementor-element elementor-element-b9b3885 e-con-full e-flex e-con e-child\" data-id=\"b9b3885\" data-element_type=\"container\">\n\t\t\t\t<div class=\"elementor-element elementor-element-0d2edb0 elementor-widget elementor-widget-realarimage\" data-id=\"0d2edb0\" data-element_type=\"widget\" data-widget_type=\"realarimage.default\">\n\t\t\t\t<div class=\"elementor-widget-container\">\n\t\t\t\t\t<div class=\"about-tag\"><div class=\"about-experience-tag\"><span class=\"circle-title-anime title1\">Vladimir \u0160unjka <i class=\"fas fa-star\"><\/i>CEO, Cutles<\/span><\/div><div class=\"about-tag-thumb\"><img decoding=\"async\" src=\"https:\/\/cutles.rewens.hr\/wp-content\/uploads\/2025\/09\/20240911-145050-0362_DinoNinkovic.webp\" alt=\"20240911 145050 0362_DinoNinkovic\"  \/><\/div><\/div>\t\t\t\t<\/div>\n\t\t\t\t<\/div>\n\t\t\t\t<\/div>\n\t\t\t\t\t<\/div>\n\t\t\t\t<\/div>\n\t\t<div class=\"elementor-element elementor-element-9913a85 e-flex e-con-boxed e-con e-child\" data-id=\"9913a85\" data-element_type=\"container\" data-settings=\"{&quot;background_background&quot;:&quot;classic&quot;}\">\n\t\t\t\t\t<div class=\"e-con-inner\">\n\t\t<div class=\"elementor-element elementor-element-ce7cdcb e-con-full e-flex e-con e-child\" data-id=\"ce7cdcb\" data-element_type=\"container\">\n\t\t\t\t<div class=\"elementor-element elementor-element-11771a8 elementor-widget elementor-widget-realarservice\" data-id=\"11771a8\" data-element_type=\"widget\" data-widget_type=\"realarservice.default\">\n\t\t\t\t<div class=\"elementor-widget-container\">\n\t\t\t\t\t<div class=\"custom-service1\"><div class=\"row gy-40\"><div class=\"col-lg-4 col-md-6\"><div class=\"service-card\"><div class=\"service-card-icon\"><div class=\"icon\"><img decoding=\"async\" src=\"https:\/\/cutles.rewens.hr\/wp-content\/uploads\/2025\/09\/precizan-dizajn.png\" alt=\"precizan dizajn\"  \/><\/div><\/div><div class=\"box-content\"><h3 class=\"box-title title\"><a href=\"#\">Natan\u010den dizajn<\/a><\/h3><p class=\"box-text desc\">Na\u0161i CNC stroji omogo\u010dajo ustvarjanje kompleksnih vzorcev, gravur in oblik z neverjetno natan\u010dnostjo. Ne glede na to, ali gre za edinstvene detajle ali masovno proizvodnjo, je vsaka komponenta izdelana po najvi\u0161jih standardih.<\/p><\/div><\/div><\/div><div class=\"col-lg-4 col-md-6\"><div class=\"service-card\"><div class=\"service-card-icon\"><div class=\"icon\"><img decoding=\"async\" src=\"https:\/\/cutles.rewens.hr\/wp-content\/uploads\/2025\/09\/kvalitetan-materijal.png\" alt=\"kvalitetan materijal\"  \/><\/div><\/div><div class=\"box-content\"><h3 class=\"box-title title\"><a href=\"#\">Kvalitetni materiali<\/a><\/h3><p class=\"box-text desc\">Uporabljamo le izbrane vrste lesa in plo\u0161\u010dnih materialov, kar zagotavlja trajnost in brezhiben videz. Vsak projekt kombiniramo s kakovostnimi zaklju\u010dki, ki poudarjajo naravno lepoto lesa.<\/p><\/div><\/div><\/div><div class=\"col-lg-4 col-md-6\"><div class=\"service-card\"><div class=\"service-card-icon\"><div class=\"icon\"><img decoding=\"async\" src=\"https:\/\/cutles.rewens.hr\/wp-content\/uploads\/2025\/09\/dugotrajnost.png\" alt=\"dugotrajnost\"  \/><\/div><\/div><div class=\"box-content\"><h3 class=\"box-title title\"><a href=\"#\">Dolgo\u017eivost in mo\u010d<\/a><\/h3><p class=\"box-text desc\">\nNa\u0161e izdelke, izdelane s CNC tehnologijo, odlikujeta stabilnost in zanesljivost. Zahvaljujo\u010d natan\u010dni obdelavi so spoji popolnoma poravnani, kon\u010dni elementi pa dolgoro\u010dno ohranijo svojo kakovost in obliko.<\/p><\/div><\/div><\/div><\/div><\/div>\t\t\t\t<\/div>\n\t\t\t\t<\/div>\n\t\t\t\t<\/div>\n\t\t\t\t\t<\/div>\n\t\t\t\t<\/div>\n\t\t\t\t<\/div>\n\t\t<div class=\"elementor-element elementor-element-0335957 e-flex e-con-boxed e-con e-parent\" data-id=\"0335957\" data-element_type=\"container\">\n\t\t\t\t\t<div class=\"e-con-inner\">\n\t\t\t\t<div class=\"elementor-element elementor-element-359adbd elementor-widget elementor-widget-realarcounterup\" data-id=\"359adbd\" data-element_type=\"widget\" data-widget_type=\"realarcounterup.default\">\n\t\t\t\t<div class=\"elementor-widget-container\">\n\t\t\t\t\t<div class=\"counter-card-wrap space\"><div class=\"counter-card\"><div class=\"media-body\"><h2 class=\"box-number\"><span class=\"counter-number num\">15570<\/span>+<\/h2><p class=\"box-text desc\">REZANI LESENI PLO\u0160\u010cI<\/p><\/div><\/div><div class=\"counter-card\"><div class=\"media-body\"><h2 class=\"box-number\"><span class=\"counter-number num\">53653<\/span>+<\/h2><p class=\"box-text desc\">LETNO ODRE\u017dENI \u0160TEVCI<\/p><\/div><\/div><div class=\"counter-card\"><div class=\"media-body\"><h2 class=\"box-number\"><span class=\"counter-number num\">254<\/span><\/h2><p class=\"box-text desc\">ZADOVOLJNE STRANKE<\/p><\/div><\/div><div class=\"counter-card\"><div class=\"media-body\"><h2 class=\"box-number\"><span class=\"counter-number num\">879<\/span><\/h2><p class=\"box-text desc\">IDEJA, PRETVORJENA V LESENE PROJEKTE<\/p><\/div><\/div><\/div>\t\t\t\t<\/div>\n\t\t\t\t<\/div>\n\t\t\t\t\t<\/div>\n\t\t\t\t<\/div>\n\t\t<div class=\"elementor-element elementor-element-c176128 e-flex e-con-boxed e-con e-parent\" data-id=\"c176128\" data-element_type=\"container\" data-settings=\"{&quot;background_background&quot;:&quot;classic&quot;}\">\n\t\t\t\t\t<div class=\"e-con-inner\">\n\t\t\t\t<div class=\"elementor-element elementor-element-9894c56 elementor-widget__width-initial elementor-widget-tablet__width-inherit elementor-widget elementor-widget-realarsectiontitle\" data-id=\"9894c56\" data-element_type=\"widget\" data-widget_type=\"realarsectiontitle.default\">\n\t\t\t\t<div class=\"elementor-widget-container\">\n\t\t\t\t\t\t\t<div class=\"title-area text-center \">\n\t\t\t<h2 class=\"sec-title \">NA\u010cRT DELA<\/h2><p class=\"sec-text text-white\">Cutles je specializirana CNC delavnica za obdelavo lesa, ki zdru\u017euje natan\u010dno tehnologijo in dolgoletne izku\u0161nje. Spodaj vam predstavljamo na\u010drt dela za va\u0161 predhodni projekt.<\/p>\t\t<\/div>\n\n\t\t\t\t\t<\/div>\n\t\t\t\t<\/div>\n\t\t\t\t<div class=\"elementor-element elementor-element-64c7a87 elementor-widget elementor-widget-realarwp\" data-id=\"64c7a87\" data-element_type=\"widget\" data-widget_type=\"realarwp.default\">\n\t\t\t\t<div class=\"elementor-widget-container\">\n\t\t\t\t\t<div class=\"row gy-4 justify-content-center\"><div class=\"col-xl-4 col-md-6\"><div class=\"process-card2\" data-bg-src=\"https:\/\/wordpress.themeholy.com\/builda\/wp-content\/uploads\/2025\/06\/process-card2-bg.png\"><div class=\"box-icon\"><img decoding=\"async\" src=\"https:\/\/cutles.rewens.hr\/wp-content\/uploads\/2025\/09\/konzultacije-svg-svg.svg\" alt=\"konzultacije svg svg\"  \/><\/div><div class=\"box-content\"><h3 class=\"box-title\">Posvetovanja in na\u010drtovanje<\/h3><p class=\"box-text desc\">Razumemo va\u0161e potrebe in cilje projekta. Na podlagi zasnove ali ideje vam svetujemo glede materialov, debelin in optimalnih re\u0161itev za doseganje najbolj\u0161ega rezultata z minimalnimi odpadki.<\/p><\/div><\/div><\/div><div class=\"col-xl-4 col-md-6\"><div class=\"process-card2\" data-bg-src=\"https:\/\/wordpress.themeholy.com\/builda\/wp-content\/uploads\/2025\/06\/process-card2-bg.png\"><div class=\"box-icon\"><img decoding=\"async\" src=\"https:\/\/cutles.rewens.hr\/wp-content\/uploads\/2025\/09\/dizajn-svg-svg-svg-4.svg\" alt=\"dizajn svg svg svg 4\"  \/><\/div><div class=\"box-content\"><h3 class=\"box-title\">Oblikovanje in obdelava<\/h3><p class=\"box-text desc\">Pripravimo CAD\/CAM datoteke in za\u010dnemo s CNC obdelavo. Na\u0161i stroji natan\u010dno re\u017eejo, rezkajo in gravirajo po dogovorjenem na\u010drtu, s strogim nadzorom kakovosti skozi celoten proces.<\/p><\/div><\/div><\/div><div class=\"col-xl-4 col-md-6\"><div class=\"process-card2\" data-bg-src=\"https:\/\/wordpress.themeholy.com\/builda\/wp-content\/uploads\/2025\/06\/process-card2-bg.png\"><div class=\"box-icon\"><img decoding=\"async\" src=\"https:\/\/cutles.rewens.hr\/wp-content\/uploads\/2025\/09\/inspekcija-svg.svg\" alt=\"inspekcija svg\"  \/><\/div><div class=\"box-content\"><h3 class=\"box-title\">Pregled in predaja<\/h3><p class=\"box-text desc\">Po kon\u010dani obdelavi vsak kos opravi podroben pregled. Preverimo dimenzije, povr\u0161insko obdelavo in embala\u017eo, nato pa dostavimo kon\u010dne elemente ali poskrbimo za monta\u017eo.<\/p><\/div><\/div><\/div><\/div>\t\t\t\t<\/div>\n\t\t\t\t<\/div>\n\t\t\t\t\t<\/div>\n\t\t\t\t<\/div>\n\t\t<div class=\"elementor-element elementor-element-dba6ec5 e-con-full e-flex e-con e-child\" data-id=\"dba6ec5\" data-element_type=\"container\">\n\t\t\t\t<div class=\"elementor-element elementor-element-d02e16b elementor-widget elementor-widget-builda_video_why_choose_us\" data-id=\"d02e16b\" data-element_type=\"widget\" data-widget_type=\"builda_video_why_choose_us.default\">\n\t\t\t\t<div class=\"elementor-widget-container\">\n\t\t\t\t\t\r\n        <div class=\"container\">\r\n            <div class=\"video-area-1-1 space-bottom position-relative\">\r\n                <div class=\"video-wrap1 style2 overflow-hidden\">\r\n                    <div class=\"video-box1\" data-overlay=\"black2\" data-opacity=\"3\">\r\n                                                    <img decoding=\"async\" src=\"https:\/\/cutles.rewens.hr\/wp-content\/uploads\/2025\/09\/Depositphotos_664796136_XL.webp\" alt=\"video background\">\r\n                                                                            <a href=\"https:\/\/www.youtube.com\/watch?v=_sI_Ps7JSEk\" class=\"play-btn style3 popup-video\">\r\n                                <i class=\"fa-sharp fa-solid fa-play\"><\/i>\r\n                            <\/a>\r\n                                            <\/div>\r\n                    <div class=\"video-wrap-details bg-white\">\r\n                        <div class=\"title-area mb-45\">\r\n                            <h2 class=\"sec-title\">Zakaj izbrati CNC strojno obdelavo Cutles?<\/h2>\r\n                            <p class=\"sec-text\">Cutles CNC Machining je specializirano podjetje za precizno obdelavo lesa in ustvarjanje re\u0161itev po meri. Na\u0161e poslanstvo je zdru\u017eiti tradicijo obdelave lesa s sodobno tehnologijo in strankam omogo\u010diti, da svoje ideje spremenijo v kon\u010dne projekte.\n<\/p>\r\n                        <\/div>\r\n                        <div class=\"row gy-4\">\r\n                                                            <div class=\"col-sm-6\">\r\n                                    <div class=\"why-info-card style2\">\r\n                                        <div class=\"box-icon\">\r\n                                            <img decoding=\"async\" src=\"https:\/\/wordpress.themeholy.com\/builda\/wp-content\/uploads\/2025\/06\/checkmark2.svg\" alt=\"icon\">\r\n                                        <\/div>\r\n                                        <h4 class=\"box-title\">Natan\u010dnost in kvaliteta<\/h4>\r\n                                    <\/div>\r\n                                <\/div>\r\n                                                            <div class=\"col-sm-6\">\r\n                                    <div class=\"why-info-card style2\">\r\n                                        <div class=\"box-icon\">\r\n                                            <img decoding=\"async\" src=\"https:\/\/wordpress.themeholy.com\/builda\/wp-content\/uploads\/2025\/06\/checkmark2.svg\" alt=\"icon\">\r\n                                        <\/div>\r\n                                        <h4 class=\"box-title\">Prilagodljivost projekta<\/h4>\r\n                                    <\/div>\r\n                                <\/div>\r\n                                                            <div class=\"col-sm-6\">\r\n                                    <div class=\"why-info-card style2\">\r\n                                        <div class=\"box-icon\">\r\n                                            <img decoding=\"async\" src=\"https:\/\/wordpress.themeholy.com\/builda\/wp-content\/uploads\/2025\/06\/checkmark2.svg\" alt=\"icon\">\r\n                                        <\/div>\r\n                                        <h4 class=\"box-title\"> Profesionalna ekipa<\/h4>\r\n                                    <\/div>\r\n                                <\/div>\r\n                                                            <div class=\"col-sm-6\">\r\n                                    <div class=\"why-info-card style2\">\r\n                                        <div class=\"box-icon\">\r\n                                            <img decoding=\"async\" src=\"https:\/\/wordpress.themeholy.com\/builda\/wp-content\/uploads\/2025\/06\/checkmark2.svg\" alt=\"icon\">\r\n                                        <\/div>\r\n                                        <h4 class=\"box-title\">Zanesljiv partner<\/h4>\r\n                                    <\/div>\r\n                                <\/div>\r\n                                                    <\/div>\r\n                    <\/div>\r\n                <\/div>\r\n            <\/div>\r\n        <\/div>\r\n\r\n        \t\t\t\t<\/div>\n\t\t\t\t<\/div>\n\t\t\t\t<\/div>\n\t\t<div class=\"elementor-element elementor-element-a55607a e-con-full e-flex e-con e-parent\" data-id=\"a55607a\" data-element_type=\"container\">\n\t\t<div class=\"elementor-element elementor-element-7847b5b e-con-full e-flex e-con e-child\" data-id=\"7847b5b\" data-element_type=\"container\" data-settings=\"{&quot;background_background&quot;:&quot;classic&quot;}\">\n\t\t\t\t<div class=\"elementor-element elementor-element-b03c8d8 elementor-widget elementor-widget-realarshapeimage\" data-id=\"b03c8d8\" data-element_type=\"widget\" data-widget_type=\"realarshapeimage.default\">\n\t\t\t\t<div class=\"elementor-widget-container\">\n\t\t\t\t\t<!-- Image --><div class=\"shape-mockup  spin d-xl-block d-none\" data-top=\"30%\" data-right=\"2%\"><img decoding=\"async\" src=\"https:\/\/wordpress.themeholy.com\/builda\/wp-content\/uploads\/2025\/06\/section_shape_2_1.png\" alt=\"Shape Image\" ><\/div><!-- End Image -->\t\t\t\t<\/div>\n\t\t\t\t<\/div>\n\t\t\t\t<div class=\"elementor-element elementor-element-efe5901 elementor-widget elementor-widget-realarshapeimage\" data-id=\"efe5901\" data-element_type=\"widget\" data-widget_type=\"realarshapeimage.default\">\n\t\t\t\t<div class=\"elementor-widget-container\">\n\t\t\t\t\t<!-- Image --><div class=\"shape-mockup  jump d-xl-block d-none\" data-bottom=\"2%\" data-left=\"-1%\"><img decoding=\"async\" src=\"https:\/\/wordpress.themeholy.com\/builda\/wp-content\/uploads\/2025\/06\/section_shape_2_3-1.png\" alt=\"Shape Image\" ><\/div><!-- End Image -->\t\t\t\t<\/div>\n\t\t\t\t<\/div>\n\t\t\t\t<\/div>\n\t\t\t\t<\/div>\n\t\t<div class=\"elementor-element elementor-element-25ec957 e-flex e-con-boxed e-con e-parent\" data-id=\"25ec957\" data-element_type=\"container\">\n\t\t\t\t\t<div class=\"e-con-inner\">\n\t\t<div class=\"elementor-element elementor-element-53f3484 e-con-full e-flex e-con e-child\" data-id=\"53f3484\" data-element_type=\"container\">\n\t\t\t\t<div class=\"elementor-element elementor-element-eee5a93 elementor-widget elementor-widget-realarsectiontitle\" data-id=\"eee5a93\" data-element_type=\"widget\" data-widget_type=\"realarsectiontitle.default\">\n\t\t\t\t<div class=\"elementor-widget-container\">\n\t\t\t\t\t\t\t<div class=\"title-area text-left \">\n\t\t\t<h2 class=\"sec-title \">Kaj stranke pravijo o nas<\/h2>\t\t<\/div>\n\n\t\t\t\t\t<\/div>\n\t\t\t\t<\/div>\n\t\t\t\t<div class=\"elementor-element elementor-element-d8c602c elementor-widget elementor-widget-realartestimonialslider\" data-id=\"d8c602c\" data-element_type=\"widget\" data-widget_type=\"realartestimonialslider.default\">\n\t\t\t\t<div class=\"elementor-widget-container\">\n\t\t\t\t\t<div class=\"swiper th-slider testi-slider1\" id=\"testiSlider1\" data-slider-options='{\"breakpoints\":{\"0\":{\"slidesPerView\":1},\"576\":{\"slidesPerView\":\"1\"},\"768\":{\"slidesPerView\":\"1\"},\"992\":{\"slidesPerView\":\"1\"},\"1200\":{\"slidesPerView\":\"1\"}}}'><div class=\"swiper-wrapper\"><div class=\"swiper-slide\"><div class=\"testi-card\"><div class=\"testi-grid_review\"><i class=\"fa-sharp fa-solid fa-star\"><\/i><i class=\"fa-sharp fa-solid fa-star\"><\/i><i class=\"fa-sharp fa-solid fa-star\"><\/i><i class=\"fa-sharp fa-solid fa-star\"><\/i><i class=\"fa-sharp fa-solid fa-star\"><\/i><\/div><p class=\"testi-card_text text\">Poslali smo tehni\u010dni na\u010drt in v nekaj dneh smo prejeli kon\u010dne plo\u0161\u010de, pripravljene za monta\u017eo. Vse pohvale ekipi za njihovo profesionalnost.<\/p><div class=\"testi-grid-wrap\"><div class=\"testi-card_profile\"><div class=\"testi-card_profile-details\"><h3 class=\"testi-card_name name\">Marko Kranjc<\/h3><span class=\"testi-card_desig desig\">CEO<\/span><\/div><\/div><div class=\"quote-icon\"><img decoding=\"async\" src=\"https:\/\/wordpress.themeholy.com\/builda\/wp-content\/uploads\/2025\/05\/qoute.svg\" alt=\"qoute\"  \/><\/div><\/div><\/div><\/div><div class=\"swiper-slide\"><div class=\"testi-card\"><div class=\"testi-grid_review\"><i class=\"fa-sharp fa-solid fa-star\"><\/i><i class=\"fa-sharp fa-solid fa-star\"><\/i><i class=\"fa-sharp fa-solid fa-star\"><\/i><i class=\"fa-sharp fa-solid fa-star\"><\/i><i class=\"fa-sharp fa-solid fa-star\"><\/i><\/div><p class=\"testi-card_text text\">\u201ePotrebovali smo prototipne dele za pohi\u0161tvo po meri. Ekipa je svetovala glede materialov in spojev, rezultat pa je bil nad pri\u010dakovanji. Zagotovo bomo \u0161e sodelovali.\u201c<\/p><div class=\"testi-grid-wrap\"><div class=\"testi-card_profile\"><div class=\"testi-card_profile-details\"><h3 class=\"testi-card_name name\">Ana Zupan<\/h3><span class=\"testi-card_desig desig\">Vodja nabave<\/span><\/div><\/div><div class=\"quote-icon\"><img decoding=\"async\" src=\"https:\/\/wordpress.themeholy.com\/builda\/wp-content\/uploads\/2025\/05\/qoute.svg\" alt=\"qoute\"  \/><\/div><\/div><\/div><\/div><div class=\"swiper-slide\"><div class=\"testi-card\"><div class=\"testi-grid_review\"><i class=\"fa-sharp fa-solid fa-star\"><\/i><i class=\"fa-sharp fa-solid fa-star\"><\/i><i class=\"fa-sharp fa-solid fa-star\"><\/i><i class=\"fa-sharp fa-solid fa-star\"><\/i><i class=\"fa-sharp fa-solid fa-star\"><\/i><\/div><p class=\"testi-card_text text\">&quot;Zelo smo zadovoljni z obdelavo CNC za na\u0161e reklamne napise. \u010cisti rezi, odli\u010dna komunikacija in pravo\u010dasna dostava. Priporo\u010damo vsem, ki i\u0161\u010dejo zanesljivega partnerja.&quot;<\/p><div class=\"testi-grid-wrap\"><div class=\"testi-card_profile\"><div class=\"testi-card_profile-details\"><h3 class=\"testi-card_name name\">Ivan \u017dganac<\/h3><\/div><\/div><div class=\"quote-icon\"><img decoding=\"async\" src=\"https:\/\/wordpress.themeholy.com\/builda\/wp-content\/uploads\/2025\/05\/qoute.svg\" alt=\"qoute\"  \/><\/div><\/div><\/div><\/div><\/div><div class=\"slider-pagination style2\"><\/div><\/div>\t\t\t\t<\/div>\n\t\t\t\t<\/div>\n\t\t\t\t<\/div>\n\t\t<div class=\"elementor-element elementor-element-c9a8b5f e-con-full e-flex e-con e-child\" data-id=\"c9a8b5f\" data-element_type=\"container\">\n\t\t\t\t<div class=\"elementor-element elementor-element-b17d7d4 elementor-widget elementor-widget-realarimage\" data-id=\"b17d7d4\" data-element_type=\"widget\" data-widget_type=\"realarimage.default\">\n\t\t\t\t<div class=\"elementor-widget-container\">\n\t\t\t\t\t<div class=\"testi-thumb-wrap\"><div class=\"img1\"><img decoding=\"async\" src=\"https:\/\/cutles.rewens.hr\/wp-content\/uploads\/2025\/09\/Depositphotos_208312876_XL-1.webp\" alt=\"Depositphotos_208312876_XL 1\"  \/><\/div><div class=\"img2 jump\"><img decoding=\"async\" src=\"https:\/\/cutles.rewens.hr\/wp-content\/uploads\/2025\/09\/Depositphotos_495572622_XL-1.webp\" alt=\"Depositphotos_495572622_XL 1\"  \/><\/div><\/div>\t\t\t\t<\/div>\n\t\t\t\t<\/div>\n\t\t\t\t<\/div>\n\t\t\t\t\t<\/div>\n\t\t\t\t<\/div>\n\t\t\t\t<\/div>\n\t\t","protected":false},"excerpt":{"rendered":"<p>O nas O nas Cutles iz Slovenske Bistrice je specializirano podjetje za CNC obdelavo lesa in \u017ee vrsto let razvijamo re\u0161itve, ki zdru\u017eujejo tradicijo obdelave lesa s sodobno tehnologijo. Vsakemu projektu pristopamo z enako pozornostjo &#8211; od majhnih detajlov do velikih konstrukcij. CNC stroji nam omogo\u010dajo doseganje izjemne natan\u010dnosti pri rezanju, graviranju in oblikovanju lesa&#8230;.<\/p>\n","protected":false},"author":1,"featured_media":0,"parent":0,"menu_order":0,"comment_status":"closed","ping_status":"closed","template":"template-builder.php","meta":{"footnotes":""},"class_list":["post-5175","page","type-page","status-publish","hentry"],"_links":{"self":[{"href":"https:\/\/cutles.rewens.hr\/sl\/wp-json\/wp\/v2\/pages\/5175","targetHints":{"allow":["GET"]}}],"collection":[{"href":"https:\/\/cutles.rewens.hr\/sl\/wp-json\/wp\/v2\/pages"}],"about":[{"href":"https:\/\/cutles.rewens.hr\/sl\/wp-json\/wp\/v2\/types\/page"}],"author":[{"embeddable":true,"href":"https:\/\/cutles.rewens.hr\/sl\/wp-json\/wp\/v2\/users\/1"}],"replies":[{"embeddable":true,"href":"https:\/\/cutles.rewens.hr\/sl\/wp-json\/wp\/v2\/comments?post=5175"}],"version-history":[{"count":16,"href":"https:\/\/cutles.rewens.hr\/sl\/wp-json\/wp\/v2\/pages\/5175\/revisions"}],"predecessor-version":[{"id":5271,"href":"https:\/\/cutles.rewens.hr\/sl\/wp-json\/wp\/v2\/pages\/5175\/revisions\/5271"}],"wp:attachment":[{"href":"https:\/\/cutles.rewens.hr\/sl\/wp-json\/wp\/v2\/media?parent=5175"}],"curies":[{"name":"wp","href":"https:\/\/api.w.org\/{rel}","templated":true}]}}