{"id":5190,"date":"2025-06-24T05:49:25","date_gmt":"2025-06-24T05:49:25","guid":{"rendered":"https:\/\/cutles.rewens.hr\/storitve\/"},"modified":"2025-09-11T12:44:17","modified_gmt":"2025-09-11T12:44:17","slug":"storitve","status":"publish","type":"page","link":"https:\/\/cutles.rewens.hr\/sl\/storitve\/","title":{"rendered":"Storitve"},"content":{"rendered":"\t\t<div data-elementor-type=\"wp-page\" data-elementor-id=\"5190\" class=\"elementor elementor-5190 elementor-2333\" data-elementor-post-type=\"page\">\n\t\t\t\t<div class=\"elementor-element elementor-element-d54d15c e-flex e-con-boxed e-con e-child\" data-id=\"d54d15c\" data-element_type=\"container\">\n\t\t\t\t\t<div class=\"e-con-inner\">\n\t\t<div class=\"elementor-element elementor-element-ad083c5 e-con-full e-flex e-con e-child\" data-id=\"ad083c5\" data-element_type=\"container\">\n\t\t<div class=\"elementor-element elementor-element-81efabf e-con-full e-flex e-con e-child\" data-id=\"81efabf\" data-element_type=\"container\">\n\t\t<div class=\"elementor-element elementor-element-6e21268 e-con-full e-flex e-con e-child\" data-id=\"6e21268\" data-element_type=\"container\">\n\t\t\t\t<div class=\"elementor-element elementor-element-0ab425c elementor-widget elementor-widget-image\" data-id=\"0ab425c\" data-element_type=\"widget\" data-widget_type=\"image.default\">\n\t\t\t\t\t\t\t\t\t\t\t\t\t\t\t<img fetchpriority=\"high\" decoding=\"async\" width=\"800\" height=\"550\" src=\"https:\/\/cutles.rewens.hr\/wp-content\/uploads\/2025\/09\/Depositphotos_687068960_XL.webp\" class=\"attachment-full size-full wp-image-5150\" alt=\"\" srcset=\"https:\/\/cutles.rewens.hr\/wp-content\/uploads\/2025\/09\/Depositphotos_687068960_XL.webp 800w, https:\/\/cutles.rewens.hr\/wp-content\/uploads\/2025\/09\/Depositphotos_687068960_XL-300x206.webp 300w, https:\/\/cutles.rewens.hr\/wp-content\/uploads\/2025\/09\/Depositphotos_687068960_XL-768x528.webp 768w, https:\/\/cutles.rewens.hr\/wp-content\/uploads\/2025\/09\/Depositphotos_687068960_XL-600x413.webp 600w\" sizes=\"(max-width: 800px) 100vw, 800px\" \/>\t\t\t\t\t\t\t\t\t\t\t\t\t\t\t<\/div>\n\t\t<div class=\"elementor-element elementor-element-492c0c5 e-con-full e-flex e-con e-child\" data-id=\"492c0c5\" data-element_type=\"container\" data-settings=\"{&quot;background_background&quot;:&quot;classic&quot;}\">\n\t\t\t\t<div class=\"elementor-element elementor-element-56a4b82 elementor-widget elementor-widget-heading\" data-id=\"56a4b82\" data-element_type=\"widget\" data-widget_type=\"heading.default\">\n\t\t\t\t\t<h5 class=\"elementor-heading-title elementor-size-default\">CNC projektiranje in na\u010drtovanje<\/h5>\t\t\t\t<\/div>\n\t\t\t\t<div class=\"elementor-element elementor-element-ce6b09a elementor-widget elementor-widget-text-editor\" data-id=\"ce6b09a\" data-element_type=\"widget\" data-widget_type=\"text-editor.default\">\n\t\t\t\t\t\t\t\t\t<p>Izdelava personaliziranih dizajnov in modelov z uporabo najsodobnej\u0161ih CNC tehnologij. Od ideje do realizacije &#8211; vse ustvarimo po va\u0161ih specifikacijah.<\/p>\t\t\t\t\t\t\t\t<\/div>\n\t\t\t\t<\/div>\n\t\t\t\t<\/div>\n\t\t<div class=\"elementor-element elementor-element-641f29f e-con-full e-flex e-con e-child\" data-id=\"641f29f\" data-element_type=\"container\">\n\t\t\t\t<div class=\"elementor-element elementor-element-b195683 elementor-widget elementor-widget-image\" data-id=\"b195683\" data-element_type=\"widget\" data-widget_type=\"image.default\">\n\t\t\t\t\t\t\t\t\t\t\t\t\t\t\t<img decoding=\"async\" width=\"800\" height=\"550\" src=\"https:\/\/cutles.rewens.hr\/wp-content\/uploads\/2025\/09\/Depositphotos_664796136_XL.webp\" class=\"attachment-full size-full wp-image-5155\" alt=\"\" srcset=\"https:\/\/cutles.rewens.hr\/wp-content\/uploads\/2025\/09\/Depositphotos_664796136_XL.webp 800w, https:\/\/cutles.rewens.hr\/wp-content\/uploads\/2025\/09\/Depositphotos_664796136_XL-300x206.webp 300w, https:\/\/cutles.rewens.hr\/wp-content\/uploads\/2025\/09\/Depositphotos_664796136_XL-768x528.webp 768w, https:\/\/cutles.rewens.hr\/wp-content\/uploads\/2025\/09\/Depositphotos_664796136_XL-600x413.webp 600w\" sizes=\"(max-width: 800px) 100vw, 800px\" \/>\t\t\t\t\t\t\t\t\t\t\t\t\t\t\t<\/div>\n\t\t<div class=\"elementor-element elementor-element-9265c68 e-con-full e-flex e-con e-child\" data-id=\"9265c68\" data-element_type=\"container\" data-settings=\"{&quot;background_background&quot;:&quot;classic&quot;}\">\n\t\t\t\t<div class=\"elementor-element elementor-element-112e2e6 elementor-widget elementor-widget-heading\" data-id=\"112e2e6\" data-element_type=\"widget\" data-widget_type=\"heading.default\">\n\t\t\t\t\t<h5 class=\"elementor-heading-title elementor-size-default\">Natan\u010dno rezanje<\/h5>\t\t\t\t<\/div>\n\t\t\t\t<div class=\"elementor-element elementor-element-eb8102d elementor-widget elementor-widget-text-editor\" data-id=\"eb8102d\" data-element_type=\"widget\" data-widget_type=\"text-editor.default\">\n\t\t\t\t\t\t\t\t\t<p>Izdelava personaliziranih dizajnov in modelov z uporabo najsodobnej\u0161ih CNC tehnologij. Od ideje do realizacije &#8211; vse ustvarimo po va\u0161ih specifikacijah.<\/p>\t\t\t\t\t\t\t\t<\/div>\n\t\t\t\t<\/div>\n\t\t\t\t<\/div>\n\t\t<div class=\"elementor-element elementor-element-5a9a3d4 e-con-full e-flex e-con e-child\" data-id=\"5a9a3d4\" data-element_type=\"container\">\n\t\t\t\t<div class=\"elementor-element elementor-element-3c89651 elementor-widget elementor-widget-image\" data-id=\"3c89651\" data-element_type=\"widget\" data-widget_type=\"image.default\">\n\t\t\t\t\t\t\t\t\t\t\t\t\t\t\t<img decoding=\"async\" width=\"800\" height=\"550\" src=\"https:\/\/cutles.rewens.hr\/wp-content\/uploads\/2025\/09\/Depositphotos_265726094_XL.webp\" class=\"attachment-full size-full wp-image-5152\" alt=\"\" srcset=\"https:\/\/cutles.rewens.hr\/wp-content\/uploads\/2025\/09\/Depositphotos_265726094_XL.webp 800w, https:\/\/cutles.rewens.hr\/wp-content\/uploads\/2025\/09\/Depositphotos_265726094_XL-300x206.webp 300w, https:\/\/cutles.rewens.hr\/wp-content\/uploads\/2025\/09\/Depositphotos_265726094_XL-768x528.webp 768w, https:\/\/cutles.rewens.hr\/wp-content\/uploads\/2025\/09\/Depositphotos_265726094_XL-600x413.webp 600w\" sizes=\"(max-width: 800px) 100vw, 800px\" \/>\t\t\t\t\t\t\t\t\t\t\t\t\t\t\t<\/div>\n\t\t<div class=\"elementor-element elementor-element-660abe0 e-con-full e-flex e-con e-child\" data-id=\"660abe0\" data-element_type=\"container\" data-settings=\"{&quot;background_background&quot;:&quot;classic&quot;}\">\n\t\t\t\t<div class=\"elementor-element elementor-element-50e1e61 elementor-widget elementor-widget-heading\" data-id=\"50e1e61\" data-element_type=\"widget\" data-widget_type=\"heading.default\">\n\t\t\t\t\t<h5 class=\"elementor-heading-title elementor-size-default\">Graviranje in 3D modeliranje<\/h5>\t\t\t\t<\/div>\n\t\t\t\t<div class=\"elementor-element elementor-element-c5f967e elementor-widget elementor-widget-text-editor\" data-id=\"c5f967e\" data-element_type=\"widget\" data-widget_type=\"text-editor.default\">\n\t\t\t\t\t\t\t\t\t<p>Ali \u017eelite personalizirane podrobnosti na svojem novem projektu, kot so logotipi, vzorci ali kompleksne 3D strukture v lesu?<\/p>\t\t\t\t\t\t\t\t<\/div>\n\t\t\t\t<\/div>\n\t\t\t\t<\/div>\n\t\t\t\t<\/div>\n\t\t<div class=\"elementor-element elementor-element-d185808 e-con-full e-flex e-con e-child\" data-id=\"d185808\" data-element_type=\"container\">\n\t\t<div class=\"elementor-element elementor-element-a58feb6 e-con-full e-flex e-con e-child\" data-id=\"a58feb6\" data-element_type=\"container\">\n\t\t\t\t<div class=\"elementor-element elementor-element-139890c elementor-widget elementor-widget-image\" data-id=\"139890c\" data-element_type=\"widget\" data-widget_type=\"image.default\">\n\t\t\t\t\t\t\t\t\t\t\t\t\t\t\t<img loading=\"lazy\" decoding=\"async\" width=\"800\" height=\"550\" src=\"https:\/\/cutles.rewens.hr\/wp-content\/uploads\/2025\/09\/Depositphotos_143881115_XL.webp\" class=\"attachment-full size-full wp-image-5153\" alt=\"\" srcset=\"https:\/\/cutles.rewens.hr\/wp-content\/uploads\/2025\/09\/Depositphotos_143881115_XL.webp 800w, https:\/\/cutles.rewens.hr\/wp-content\/uploads\/2025\/09\/Depositphotos_143881115_XL-300x206.webp 300w, https:\/\/cutles.rewens.hr\/wp-content\/uploads\/2025\/09\/Depositphotos_143881115_XL-768x528.webp 768w, https:\/\/cutles.rewens.hr\/wp-content\/uploads\/2025\/09\/Depositphotos_143881115_XL-600x413.webp 600w\" sizes=\"(max-width: 800px) 100vw, 800px\" \/>\t\t\t\t\t\t\t\t\t\t\t\t\t\t\t<\/div>\n\t\t<div class=\"elementor-element elementor-element-1a2e5d5 e-con-full e-flex e-con e-child\" data-id=\"1a2e5d5\" data-element_type=\"container\" data-settings=\"{&quot;background_background&quot;:&quot;classic&quot;}\">\n\t\t\t\t<div class=\"elementor-element elementor-element-575e2cb elementor-widget elementor-widget-heading\" data-id=\"575e2cb\" data-element_type=\"widget\" data-widget_type=\"heading.default\">\n\t\t\t\t\t<h5 class=\"elementor-heading-title elementor-size-default\">Unikatni leseni izdelki<\/h5>\t\t\t\t<\/div>\n\t\t\t\t<div class=\"elementor-element elementor-element-2f3658c elementor-widget elementor-widget-text-editor\" data-id=\"2f3658c\" data-element_type=\"widget\" data-widget_type=\"text-editor.default\">\n\t\t\t\t\t\t\t\t\t<p>Izdelava pohi\u0161tva, dekorativnih in funkcionalnih elementov &#8211; vse po va\u0161ih merah in \u017eeljah.<\/p>\t\t\t\t\t\t\t\t<\/div>\n\t\t\t\t<\/div>\n\t\t\t\t<\/div>\n\t\t<div class=\"elementor-element elementor-element-1a6dd43 e-con-full e-flex e-con e-child\" data-id=\"1a6dd43\" data-element_type=\"container\">\n\t\t\t\t<div class=\"elementor-element elementor-element-2dd789e elementor-widget elementor-widget-image\" data-id=\"2dd789e\" data-element_type=\"widget\" data-widget_type=\"image.default\">\n\t\t\t\t\t\t\t\t\t\t\t\t\t\t\t<img loading=\"lazy\" decoding=\"async\" width=\"800\" height=\"550\" src=\"https:\/\/cutles.rewens.hr\/wp-content\/uploads\/2025\/09\/Depositphotos_809626212_XL-1.webp\" class=\"attachment-full size-full wp-image-5156\" alt=\"\" srcset=\"https:\/\/cutles.rewens.hr\/wp-content\/uploads\/2025\/09\/Depositphotos_809626212_XL-1.webp 800w, https:\/\/cutles.rewens.hr\/wp-content\/uploads\/2025\/09\/Depositphotos_809626212_XL-1-300x206.webp 300w, https:\/\/cutles.rewens.hr\/wp-content\/uploads\/2025\/09\/Depositphotos_809626212_XL-1-768x528.webp 768w, https:\/\/cutles.rewens.hr\/wp-content\/uploads\/2025\/09\/Depositphotos_809626212_XL-1-600x413.webp 600w\" sizes=\"(max-width: 800px) 100vw, 800px\" \/>\t\t\t\t\t\t\t\t\t\t\t\t\t\t\t<\/div>\n\t\t<div class=\"elementor-element elementor-element-a1e6312 e-con-full e-flex e-con e-child\" data-id=\"a1e6312\" data-element_type=\"container\" data-settings=\"{&quot;background_background&quot;:&quot;classic&quot;}\">\n\t\t\t\t<div class=\"elementor-element elementor-element-2debd34 elementor-widget elementor-widget-heading\" data-id=\"2debd34\" data-element_type=\"widget\" data-widget_type=\"heading.default\">\n\t\t\t\t\t<h5 class=\"elementor-heading-title elementor-size-default\">Obdelava listnih materialov<\/h5>\t\t\t\t<\/div>\n\t\t\t\t<div class=\"elementor-element elementor-element-96c5dc3 elementor-widget elementor-widget-text-editor\" data-id=\"96c5dc3\" data-element_type=\"widget\" data-widget_type=\"text-editor.default\">\n\t\t\t\t\t\t\t\t\t<p>Izdelava personaliziranih dizajnov in modelov z uporabo najsodobnej\u0161ih CNC tehnologij. Od ideje do realizacije &#8211; vse ustvarimo po va\u0161ih specifikacijah.<\/p>\t\t\t\t\t\t\t\t<\/div>\n\t\t\t\t<\/div>\n\t\t\t\t<\/div>\n\t\t<div class=\"elementor-element elementor-element-795a4d8 e-con-full e-flex e-con e-child\" data-id=\"795a4d8\" data-element_type=\"container\">\n\t\t\t\t<div class=\"elementor-element elementor-element-97a250f elementor-widget elementor-widget-image\" data-id=\"97a250f\" data-element_type=\"widget\" data-widget_type=\"image.default\">\n\t\t\t\t\t\t\t\t\t\t\t\t\t\t\t<img loading=\"lazy\" decoding=\"async\" width=\"800\" height=\"550\" src=\"https:\/\/cutles.rewens.hr\/wp-content\/uploads\/2025\/09\/Depositphotos_273161900_XL.webp\" class=\"attachment-full size-full wp-image-5164\" alt=\"\" srcset=\"https:\/\/cutles.rewens.hr\/wp-content\/uploads\/2025\/09\/Depositphotos_273161900_XL.webp 800w, https:\/\/cutles.rewens.hr\/wp-content\/uploads\/2025\/09\/Depositphotos_273161900_XL-300x206.webp 300w, https:\/\/cutles.rewens.hr\/wp-content\/uploads\/2025\/09\/Depositphotos_273161900_XL-768x528.webp 768w, https:\/\/cutles.rewens.hr\/wp-content\/uploads\/2025\/09\/Depositphotos_273161900_XL-600x413.webp 600w\" sizes=\"(max-width: 800px) 100vw, 800px\" \/>\t\t\t\t\t\t\t\t\t\t\t\t\t\t\t<\/div>\n\t\t<div class=\"elementor-element elementor-element-b6fbc2b e-con-full e-flex e-con e-child\" data-id=\"b6fbc2b\" data-element_type=\"container\" data-settings=\"{&quot;background_background&quot;:&quot;classic&quot;}\">\n\t\t\t\t<div class=\"elementor-element elementor-element-4c5a54d elementor-widget elementor-widget-heading\" data-id=\"4c5a54d\" data-element_type=\"widget\" data-widget_type=\"heading.default\">\n\t\t\t\t\t<h5 class=\"elementor-heading-title elementor-size-default\">Serijska proizvodnja<\/h5>\t\t\t\t<\/div>\n\t\t\t\t<div class=\"elementor-element elementor-element-5ca9154 elementor-widget elementor-widget-text-editor\" data-id=\"5ca9154\" data-element_type=\"widget\" data-widget_type=\"text-editor.default\">\n\t\t\t\t\t\t\t\t\t<p>Storitve mno\u017ei\u010dne proizvodnje lesenih delov ali izdelkov, z dosledno kakovostjo in hitro dostavo.<\/p>\t\t\t\t\t\t\t\t<\/div>\n\t\t\t\t<\/div>\n\t\t\t\t<\/div>\n\t\t\t\t<\/div>\n\t\t\t\t<\/div>\n\t\t\t\t\t<\/div>\n\t\t\t\t<\/div>\n\t\t<div class=\"elementor-element elementor-element-5aedb63 e-flex e-con-boxed e-con e-child\" data-id=\"5aedb63\" data-element_type=\"container\">\n\t\t\t\t\t<div class=\"e-con-inner\">\n\t\t<div class=\"elementor-element elementor-element-0487dac e-con-full e-flex e-con e-child\" data-id=\"0487dac\" data-element_type=\"container\">\n\t\t<div class=\"elementor-element elementor-element-e4f03f7 e-con-full e-flex e-con e-child\" data-id=\"e4f03f7\" data-element_type=\"container\">\n\t\t\t\t<div class=\"elementor-element elementor-element-b6f4c10 elementor-widget__width-inherit elementor-widget elementor-widget-realarcontactform\" data-id=\"b6f4c10\" data-element_type=\"widget\" data-widget_type=\"realarcontactform.default\">\n\t\t\t\t<div class=\"elementor-widget-container\">\n\t\t\t\t\t<div class=\"appointment-wrap2 bg\"><h2 class=\"form-title text-white\"> Po\u0161ljite povpra\u0161evanje<\/h2>\n<div class=\"wpcf7 no-js\" id=\"wpcf7-f622-o1\" lang=\"hr\" dir=\"ltr\" data-wpcf7-id=\"622\">\n<div class=\"screen-reader-response\"><p role=\"status\" aria-live=\"polite\" aria-atomic=\"true\"><\/p> <ul><\/ul><\/div>\n<form action=\"\/sl\/wp-json\/wp\/v2\/pages\/5190#wpcf7-f622-o1\" method=\"post\" class=\"wpcf7-form init\" aria-label=\"Kontakt obrazac\" novalidate=\"novalidate\" data-status=\"init\">\n<fieldset class=\"hidden-fields-container\"><input type=\"hidden\" name=\"_wpcf7\" value=\"622\" \/><input type=\"hidden\" name=\"_wpcf7_version\" value=\"6.1.1\" \/><input type=\"hidden\" name=\"_wpcf7_locale\" value=\"hr\" \/><input type=\"hidden\" name=\"_wpcf7_unit_tag\" value=\"wpcf7-f622-o1\" \/><input type=\"hidden\" name=\"_wpcf7_container_post\" value=\"0\" \/><input type=\"hidden\" name=\"_wpcf7_posted_data_hash\" value=\"\" \/>\n<\/fieldset>\n<div  class=\"appointment-form\">\n    <div class=\"row\">\n        <div class=\"form-group style-border2 style-radius col-12\">\n            <span class=\"wpcf7-form-control-wrap\" data-name=\"text-999\"><input size=\"40\" maxlength=\"400\" class=\"wpcf7-form-control wpcf7-text wpcf7-validates-as-required form-control\" id=\"text-999\" aria-required=\"true\" aria-invalid=\"false\" placeholder=\"Your Name*\" value=\"\" type=\"text\" name=\"text-999\" \/><\/span><i class=\"fal fa-user\"><\/i>\n        <\/div>\n        <div class=\"form-group style-border2 style-radius col-12\">\n            <span class=\"wpcf7-form-control-wrap\" data-name=\"email-717\"><input size=\"40\" maxlength=\"400\" class=\"wpcf7-form-control wpcf7-email wpcf7-validates-as-required wpcf7-text wpcf7-validates-as-email form-control\" id=\"email-717\" aria-required=\"true\" aria-invalid=\"false\" placeholder=\"Your Email*\" value=\"\" type=\"email\" name=\"email-717\" \/><\/span><i class=\"fal fa-envelope\"><\/i>\n        <\/div>\n        <div class=\"form-group style-border2 style-radius col-md-12\">\n            <span class=\"wpcf7-form-control-wrap\" data-name=\"menu-837\"><select class=\"wpcf7-form-control wpcf7-select wpcf7-validates-as-required form-select\" id=\"menu-837\" aria-required=\"true\" aria-invalid=\"false\" name=\"menu-837\"><option value=\"Real Estate\">Real Estate<\/option><option value=\"Apartment\">Apartment<\/option><option value=\"Residencial\">Residencial<\/option><option value=\"Deluxe\">Deluxe<\/option><\/select><\/span><i class=\"fal fa-angle-down\"><\/i>\n        <\/div>\n        <div class=\"col-12 form-group style-border2 style-radius\">\n            <i class=\"far fa-comments\"><\/i>\n            <span class=\"wpcf7-form-control-wrap\" data-name=\"textarea-873\"><textarea cols=\"40\" rows=\"10\" maxlength=\"2000\" class=\"wpcf7-form-control wpcf7-textarea form-control\" id=\"textarea-873\" aria-invalid=\"false\" placeholder=\"Type Your Message\" name=\"textarea-873\"><\/textarea><\/span>\n        <\/div>\n        <div class=\"col-12 form-btn mt-4\">\n            <button class=\"th-btn\">Submit Message <span class=\"btn-icon\"><img decoding=\"async\" src=\"https:\/\/wordpress.themeholy.com\/realar\/wp-content\/uploads\/2024\/05\/paper-plane.svg\" alt=\"img\"><\/span><\/button>\n        <\/div>\n    <\/div>\n    <p class=\"form-messages mb-0 mt-3\"><\/p>\n<\/div><div class=\"wpcf7-response-output\" aria-hidden=\"true\"><\/div>\n<\/form>\n<\/div>\n<\/div>\t\t\t\t<\/div>\n\t\t\t\t<\/div>\n\t\t<div class=\"elementor-element elementor-element-6a514de e-con-full e-flex e-con e-child\" data-id=\"6a514de\" data-element_type=\"container\" data-settings=\"{&quot;background_background&quot;:&quot;classic&quot;}\">\n\t\t\t\t<\/div>\n\t\t\t\t<\/div>\n\t\t\t\t<\/div>\n\t\t\t\t\t<\/div>\n\t\t\t\t<\/div>\n\t\t\t\t<\/div>\n\t\t","protected":false},"excerpt":{"rendered":"<p>CNC projektiranje in na\u010drtovanje Izdelava personaliziranih dizajnov in modelov z uporabo najsodobnej\u0161ih CNC tehnologij. Od ideje do realizacije &#8211; vse ustvarimo po va\u0161ih specifikacijah. Natan\u010dno rezanje Izdelava personaliziranih dizajnov in modelov z uporabo najsodobnej\u0161ih CNC tehnologij. Od ideje do realizacije &#8211; vse ustvarimo po va\u0161ih specifikacijah. Graviranje in 3D modeliranje Ali \u017eelite personalizirane podrobnosti na&#8230;<\/p>\n","protected":false},"author":1,"featured_media":0,"parent":0,"menu_order":0,"comment_status":"closed","ping_status":"closed","template":"template-builder.php","meta":{"footnotes":""},"class_list":["post-5190","page","type-page","status-publish","hentry"],"_links":{"self":[{"href":"https:\/\/cutles.rewens.hr\/sl\/wp-json\/wp\/v2\/pages\/5190","targetHints":{"allow":["GET"]}}],"collection":[{"href":"https:\/\/cutles.rewens.hr\/sl\/wp-json\/wp\/v2\/pages"}],"about":[{"href":"https:\/\/cutles.rewens.hr\/sl\/wp-json\/wp\/v2\/types\/page"}],"author":[{"embeddable":true,"href":"https:\/\/cutles.rewens.hr\/sl\/wp-json\/wp\/v2\/users\/1"}],"replies":[{"embeddable":true,"href":"https:\/\/cutles.rewens.hr\/sl\/wp-json\/wp\/v2\/comments?post=5190"}],"version-history":[{"count":4,"href":"https:\/\/cutles.rewens.hr\/sl\/wp-json\/wp\/v2\/pages\/5190\/revisions"}],"predecessor-version":[{"id":5277,"href":"https:\/\/cutles.rewens.hr\/sl\/wp-json\/wp\/v2\/pages\/5190\/revisions\/5277"}],"wp:attachment":[{"href":"https:\/\/cutles.rewens.hr\/sl\/wp-json\/wp\/v2\/media?parent=5190"}],"curies":[{"name":"wp","href":"https:\/\/api.w.org\/{rel}","templated":true}]}}